{"id":629,"date":"2024-12-11T17:37:37","date_gmt":"2024-12-11T16:37:37","guid":{"rendered":"https:\/\/www.qualzuchtkommission.at\/beiraete\/"},"modified":"2025-06-17T13:28:21","modified_gmt":"2025-06-17T11:28:21","slug":"advisory-boards","status":"publish","type":"page","link":"https:\/\/www.qualzuchtkommission.at\/en\/advisory-boards\/","title":{"rendered":"Advisory Boards"},"content":{"rendered":"<div id='av_section_1'  class='avia-section av-1ryok-9c91b474cbe87f2529b6ac0558086382 blue_hero avia-section-default avia-no-border-styling  avia-builder-el-0  el_before_av_section  avia-builder-el-first  avia-bg-style-scroll container_wrap fullsize'  ><div class='container av-section-cont-open' ><main  role=\"main\" itemprop=\"mainContentOfPage\"  class='template-page content  av-content-full alpha units'><div class='post-entry post-entry-type-page post-entry-629'><div class='entry-content-wrapper clearfix'>\n\n<style type=\"text\/css\" data-created_by=\"avia_inline_auto\" id=\"style-css-av-m4piowpt-27c40c7f281e3212a23819d2892ebd0b\">\n#top .av-special-heading.av-m4piowpt-27c40c7f281e3212a23819d2892ebd0b{\npadding-bottom:10px;\n}\nbody .av-special-heading.av-m4piowpt-27c40c7f281e3212a23819d2892ebd0b .av-special-heading-tag .heading-char{\nfont-size:25px;\n}\n.av-special-heading.av-m4piowpt-27c40c7f281e3212a23819d2892ebd0b .av-subheading{\nfont-size:15px;\n}\n<\/style>\n<div  class='av-special-heading av-m4piowpt-27c40c7f281e3212a23819d2892ebd0b av-special-heading-h1 blockquote modern-quote  avia-builder-el-1  avia-builder-el-no-sibling '><h1 class='av-special-heading-tag '  itemprop=\"headline\"  ><u>Advisory Boards<\/u><\/h1><div class=\"special-heading-border\"><div class=\"special-heading-inner-border\"><\/div><\/div><\/div>\n\n<\/div><\/div><\/main><!-- close content main element --><\/div><\/div><div id='av_section_2'  class='avia-section av-o87c-df936bb6a4e3e3a777c1da1652de583b main_color avia-section-default avia-no-border-styling  avia-builder-el-2  el_after_av_section  avia-builder-el-last  avia-bg-style-scroll container_wrap fullsize'  ><div class='container av-section-cont-open' ><div class='template-page content  av-content-full alpha units'><div class='post-entry post-entry-type-page post-entry-629'><div class='entry-content-wrapper clearfix'>\n<div  class='flex_column av-5bq4-83ee3d89823cb701271da5ea74141d5b av_one_third  avia-builder-el-3  el_before_av_two_third  avia-builder-el-first  first flex_column_div  '     ><style type=\"text\/css\" data-created_by=\"avia_inline_auto\" id=\"style-css-av-m4t8szbz-97c63ef19a6aa6c5b0889707f533f71e\">\n#top .av-special-heading.av-m4t8szbz-97c63ef19a6aa6c5b0889707f533f71e{\npadding-bottom:10px;\n}\nbody .av-special-heading.av-m4t8szbz-97c63ef19a6aa6c5b0889707f533f71e .av-special-heading-tag .heading-char{\nfont-size:25px;\n}\n.av-special-heading.av-m4t8szbz-97c63ef19a6aa6c5b0889707f533f71e .av-subheading{\nfont-size:15px;\n}\n<\/style>\n<div  class='av-special-heading av-m4t8szbz-97c63ef19a6aa6c5b0889707f533f71e av-special-heading-h2 blockquote modern-quote  avia-builder-el-4  avia-builder-el-no-sibling '><h2 class='av-special-heading-tag '  itemprop=\"headline\"  ><u>Legal Basis<\/u><\/h2><div class=\"special-heading-border\"><div class=\"special-heading-inner-border\"><\/div><\/div><\/div><\/div><div  class='flex_column av-zmuo-4410d6bc4f8dc44bcf00ebd4f41d614a av_two_third  avia-builder-el-5  el_after_av_one_third  avia-builder-el-last  flex_column_div  '     ><section  class='av_textblock_section av-m4t7v999-63b359dd694c6796668b7b0309f268df '   itemscope=\"itemscope\" itemtype=\"https:\/\/schema.org\/CreativeWork\" ><div class='avia_textblock'  itemprop=\"text\" ><p>Pursuant to \u00a7 22c (7) of the Animal Welfare Act (TSchG), species-specific advisory boards may be established to assist the commission in fulfilling its tasks. These advisory boards may include representatives of the Austrian Chamber of Veterinarians (\u00d6sterreichische Tier\u00e4rztekammer), the Austrian Federal Economic Chamber, the Association of Austrian Small Animal Veterinarians (Vereinigung \u00d6sterreichischer Kleintiermediziner), the Austrian Federation of Knowledgeable Animal Keepers (\u00d6sterreichischer Dachverband sachkundiger Tierhalter), the Austrian Breeders&#8217; Associations (\u00f6sterreichische Zuchtverb\u00e4nde), and the Animal Protection Council (Tierschutzrat). Participation in these advisory boards is voluntary.<\/p>\n<\/div><\/section><\/div>\n","protected":false},"excerpt":{"rendered":"","protected":false},"author":3,"featured_media":0,"parent":0,"menu_order":0,"comment_status":"closed","ping_status":"closed","template":"","meta":{"_acf_changed":false,"footnotes":""},"class_list":["post-629","page","type-page","status-publish","hentry"],"acf":[],"_links":{"self":[{"href":"https:\/\/www.qualzuchtkommission.at\/en\/wp-json\/wp\/v2\/pages\/629","targetHints":{"allow":["GET"]}}],"collection":[{"href":"https:\/\/www.qualzuchtkommission.at\/en\/wp-json\/wp\/v2\/pages"}],"about":[{"href":"https:\/\/www.qualzuchtkommission.at\/en\/wp-json\/wp\/v2\/types\/page"}],"author":[{"embeddable":true,"href":"https:\/\/www.qualzuchtkommission.at\/en\/wp-json\/wp\/v2\/users\/3"}],"replies":[{"embeddable":true,"href":"https:\/\/www.qualzuchtkommission.at\/en\/wp-json\/wp\/v2\/comments?post=629"}],"version-history":[{"count":2,"href":"https:\/\/www.qualzuchtkommission.at\/en\/wp-json\/wp\/v2\/pages\/629\/revisions"}],"predecessor-version":[{"id":677,"href":"https:\/\/www.qualzuchtkommission.at\/en\/wp-json\/wp\/v2\/pages\/629\/revisions\/677"}],"wp:attachment":[{"href":"https:\/\/www.qualzuchtkommission.at\/en\/wp-json\/wp\/v2\/media?parent=629"}],"curies":[{"name":"wp","href":"https:\/\/api.w.org\/{rel}","templated":true}]}}